{"id":4293,"date":"2020-02-26T23:04:12","date_gmt":"2020-02-26T15:04:12","guid":{"rendered":"https:\/\/www.ectherm.com\/?post_type=product&#038;p=4293"},"modified":"2023-05-22T22:06:20","modified_gmt":"2023-05-22T14:06:20","slug":"ecpin-single","status":"publish","type":"product","link":"https:\/\/www.ectherm.com\/fr\/produit\/ecpin-single\/","title":{"rendered":"ECPIN (Paquet unique)"},"content":{"rendered":"","protected":false},"excerpt":{"rendered":"<p>caract\u00e9ristiques du produit:<\/p>\n<ul>\n<li>100% Sans fil<\/li>\n<li>Aucun appairage n\u00e9cessaire<\/li>\n<li>Charge instantan\u00e9e &#8211; Charge compl\u00e8te en moins de 2 minutes pour 4 heures d&rsquo;utilisation.<\/li>\n<li>Aliment\u00e9 par supercondensateur &#8211; 1000 fois plus durable que la sonde aliment\u00e9e au lithium.<\/li>\n<li>Surveillance en temps r\u00e9el et alertes de la temp\u00e9rature de cuisson.<\/li>\n<li>App iOS et Android pris en charge<\/li>\n<li>Prend en charge jusqu&rsquo;\u00e0 8 ECPin simultan\u00e9ment<\/li>\n<\/ul>\n<p>Le forfait comprend:<\/p>\n<ul>\n<li>ECPIN x 1 <\/li>\n<li>Chargeur ECPIN x 1<\/li>\n<li>Guide de d\u00e9marrage rapide x 1<\/li>\n<li>C\u00e2ble de charge micro USB x 1<\/li>\n<\/ul>\n","protected":false},"featured_media":4294,"template":"","meta":[],"product_cat":[],"product_tag":[],"class_list":{"0":"post-4293","1":"product","2":"type-product","3":"status-publish","4":"has-post-thumbnail","7":"first","8":"outofstock","9":"taxable","10":"shipping-taxable","11":"purchasable","12":"product-type-simple","13":"prodpage-classic"},"yoast_head":"<!-- This site is optimized with the Yoast SEO plugin v23.4 - https:\/\/yoast.com\/wordpress\/plugins\/seo\/ -->\n<title>ECPIN (Paquet unique) | ECTherm<\/title>\n<meta name=\"description\" content=\"caract\u00e9ristiques du produit:   100% Sans fil  Aucun appairage n\u00e9cessaire  Charge instantan\u00e9e - Charge compl\u00e8te en moins de 2 minutes pour 4 heures d&#039;utilisation.  Aliment\u00e9 par supercondensateur - 1000 fois plus durable que la sonde aliment\u00e9e au lithium.  Surveillance en temps r\u00e9el et alertes de la temp\u00e9rature de cuisson.  App iOS et Android pris en charge  Prend en charge jusqu&#039;\u00e0 8 ECPin simultan\u00e9ment  Le forfait comprend:   ECPIN x 1   Chargeur ECPIN x 1  Guide de d\u00e9marrage rapide x 1  C\u00e2ble de charge micro USB x 1\" \/>\n<meta name=\"robots\" content=\"index, follow, max-snippet:-1, max-image-preview:large, max-video-preview:-1\" \/>\n<link rel=\"canonical\" href=\"https:\/\/www.ectherm.com\/fr\/produit\/ecpin-single\/\" \/>\n<meta property=\"og:locale\" content=\"fr_FR\" \/>\n<meta property=\"og:type\" content=\"article\" \/>\n<meta property=\"og:title\" content=\"ECPIN (Paquet unique) | ECTherm\" \/>\n<meta property=\"og:description\" content=\"caract\u00e9ristiques du produit:   100% Sans fil  Aucun appairage n\u00e9cessaire  Charge instantan\u00e9e - Charge compl\u00e8te en moins de 2 minutes pour 4 heures d&#039;utilisation.  Aliment\u00e9 par supercondensateur - 1000 fois plus durable que la sonde aliment\u00e9e au lithium.  Surveillance en temps r\u00e9el et alertes de la temp\u00e9rature de cuisson.  App iOS et Android pris en charge  Prend en charge jusqu&#039;\u00e0 8 ECPin simultan\u00e9ment  Le forfait comprend:   ECPIN x 1   Chargeur ECPIN x 1  Guide de d\u00e9marrage rapide x 1  C\u00e2ble de charge micro USB x 1\" \/>\n<meta property=\"og:url\" content=\"https:\/\/www.ectherm.com\/fr\/produit\/ecpin-single\/\" \/>\n<meta property=\"og:site_name\" content=\"ECTherm\" \/>\n<meta property=\"article:publisher\" content=\"https:\/\/www.facebook.com\/ectherm\/\" \/>\n<meta property=\"article:modified_time\" content=\"2023-05-22T14:06:20+00:00\" \/>\n<meta property=\"og:image\" content=\"https:\/\/www.ectherm.com\/wp-content\/uploads\/2020\/02\/ECPin-Single-Pack-no-30day-return.jpg\" \/>\n\t<meta property=\"og:image:width\" content=\"850\" \/>\n\t<meta property=\"og:image:height\" content=\"850\" \/>\n\t<meta property=\"og:image:type\" content=\"image\/jpeg\" \/>\n<meta name=\"twitter:card\" content=\"summary_large_image\" \/>\n<script type=\"application\/ld+json\" class=\"yoast-schema-graph\">{\"@context\":\"https:\/\/schema.org\",\"@graph\":[{\"@type\":[\"WebPage\",\"ItemPage\"],\"@id\":\"https:\/\/www.ectherm.com\/fr\/produit\/ecpin-single\/\",\"url\":\"https:\/\/www.ectherm.com\/fr\/produit\/ecpin-single\/\",\"name\":\"ECPIN (Paquet unique) | ECTherm\",\"isPartOf\":{\"@id\":\"https:\/\/www.ectherm.com\/fr\/#website\"},\"primaryImageOfPage\":{\"@id\":\"https:\/\/www.ectherm.com\/fr\/produit\/ecpin-single\/#primaryimage\"},\"image\":{\"@id\":\"https:\/\/www.ectherm.com\/fr\/produit\/ecpin-single\/#primaryimage\"},\"thumbnailUrl\":\"https:\/\/www.ectherm.com\/wp-content\/uploads\/2020\/02\/ECPin-Single-Pack-no-30day-return.jpg\",\"datePublished\":\"2020-02-26T15:04:12+00:00\",\"dateModified\":\"2023-05-22T14:06:20+00:00\",\"description\":\"caract\u00e9ristiques du produit: 100% Sans fil Aucun appairage n\u00e9cessaire Charge instantan\u00e9e - Charge compl\u00e8te en moins de 2 minutes pour 4 heures d'utilisation. Aliment\u00e9 par supercondensateur - 1000 fois plus durable que la sonde aliment\u00e9e au lithium. Surveillance en temps r\u00e9el et alertes de la temp\u00e9rature de cuisson. App iOS et Android pris en charge Prend en charge jusqu'\u00e0 8 ECPin simultan\u00e9ment Le forfait comprend: ECPIN x 1 Chargeur ECPIN x 1 Guide de d\u00e9marrage rapide x 1 C\u00e2ble de charge micro USB x 1\",\"breadcrumb\":{\"@id\":\"https:\/\/www.ectherm.com\/fr\/produit\/ecpin-single\/#breadcrumb\"},\"inLanguage\":\"fr-FR\",\"potentialAction\":[{\"@type\":\"ReadAction\",\"target\":[\"https:\/\/www.ectherm.com\/fr\/produit\/ecpin-single\/\"]}]},{\"@type\":\"ImageObject\",\"inLanguage\":\"fr-FR\",\"@id\":\"https:\/\/www.ectherm.com\/fr\/produit\/ecpin-single\/#primaryimage\",\"url\":\"https:\/\/www.ectherm.com\/wp-content\/uploads\/2020\/02\/ECPin-Single-Pack-no-30day-return.jpg\",\"contentUrl\":\"https:\/\/www.ectherm.com\/wp-content\/uploads\/2020\/02\/ECPin-Single-Pack-no-30day-return.jpg\",\"width\":850,\"height\":850,\"caption\":\"Wireless meat thermometer\"},{\"@type\":\"BreadcrumbList\",\"@id\":\"https:\/\/www.ectherm.com\/fr\/produit\/ecpin-single\/#breadcrumb\",\"itemListElement\":[{\"@type\":\"ListItem\",\"position\":1,\"name\":\"Home\",\"item\":\"https:\/\/www.ectherm.com\/fr\/page-daccueil\/\"},{\"@type\":\"ListItem\",\"position\":2,\"name\":\"Boutique\",\"item\":\"https:\/\/www.ectherm.com\/fr\/shop\/\"},{\"@type\":\"ListItem\",\"position\":3,\"name\":\"ECPIN (Paquet unique)\"}]},{\"@type\":\"WebSite\",\"@id\":\"https:\/\/www.ectherm.com\/fr\/#website\",\"url\":\"https:\/\/www.ectherm.com\/fr\/\",\"name\":\"ECTherm | Intelligent Wireless Meat Thermometer\",\"description\":\"True Wireless Meat Thermometer\",\"publisher\":{\"@id\":\"https:\/\/www.ectherm.com\/fr\/#organization\"},\"potentialAction\":[{\"@type\":\"SearchAction\",\"target\":{\"@type\":\"EntryPoint\",\"urlTemplate\":\"https:\/\/www.ectherm.com\/fr\/?s={search_term_string}\"},\"query-input\":{\"@type\":\"PropertyValueSpecification\",\"valueRequired\":true,\"valueName\":\"search_term_string\"}}],\"inLanguage\":\"fr-FR\"},{\"@type\":\"Organization\",\"@id\":\"https:\/\/www.ectherm.com\/fr\/#organization\",\"name\":\"ECTherm\",\"url\":\"https:\/\/www.ectherm.com\/fr\/\",\"logo\":{\"@type\":\"ImageObject\",\"inLanguage\":\"fr-FR\",\"@id\":\"https:\/\/www.ectherm.com\/fr\/#\/schema\/logo\/image\/\",\"url\":\"https:\/\/www.ectherm.com\/wp-content\/uploads\/2019\/12\/ECPin-by-ECTherm-scaled.png\",\"contentUrl\":\"https:\/\/www.ectherm.com\/wp-content\/uploads\/2019\/12\/ECPin-by-ECTherm-scaled.png\",\"width\":2560,\"height\":2461,\"caption\":\"ECTherm\"},\"image\":{\"@id\":\"https:\/\/www.ectherm.com\/fr\/#\/schema\/logo\/image\/\"},\"sameAs\":[\"https:\/\/www.facebook.com\/ectherm\/\",\"https:\/\/www.youtube.com\/channel\/UCH7BofpmPBuKf6yI0BGm3xw\"]}]}<\/script>\n<!-- \/ Yoast SEO plugin. -->","yoast_head_json":{"title":"ECPIN (Paquet unique) | ECTherm","description":"caract\u00e9ristiques du produit:   100% Sans fil  Aucun appairage n\u00e9cessaire  Charge instantan\u00e9e - Charge compl\u00e8te en moins de 2 minutes pour 4 heures d'utilisation.  Aliment\u00e9 par supercondensateur - 1000 fois plus durable que la sonde aliment\u00e9e au lithium.  Surveillance en temps r\u00e9el et alertes de la temp\u00e9rature de cuisson.  App iOS et Android pris en charge  Prend en charge jusqu'\u00e0 8 ECPin simultan\u00e9ment  Le forfait comprend:   ECPIN x 1   Chargeur ECPIN x 1  Guide de d\u00e9marrage rapide x 1  C\u00e2ble de charge micro USB x 1","robots":{"index":"index","follow":"follow","max-snippet":"max-snippet:-1","max-image-preview":"max-image-preview:large","max-video-preview":"max-video-preview:-1"},"canonical":"https:\/\/www.ectherm.com\/fr\/produit\/ecpin-single\/","og_locale":"fr_FR","og_type":"article","og_title":"ECPIN (Paquet unique) | ECTherm","og_description":"caract\u00e9ristiques du produit:   100% Sans fil  Aucun appairage n\u00e9cessaire  Charge instantan\u00e9e - Charge compl\u00e8te en moins de 2 minutes pour 4 heures d'utilisation.  Aliment\u00e9 par supercondensateur - 1000 fois plus durable que la sonde aliment\u00e9e au lithium.  Surveillance en temps r\u00e9el et alertes de la temp\u00e9rature de cuisson.  App iOS et Android pris en charge  Prend en charge jusqu'\u00e0 8 ECPin simultan\u00e9ment  Le forfait comprend:   ECPIN x 1   Chargeur ECPIN x 1  Guide de d\u00e9marrage rapide x 1  C\u00e2ble de charge micro USB x 1","og_url":"https:\/\/www.ectherm.com\/fr\/produit\/ecpin-single\/","og_site_name":"ECTherm","article_publisher":"https:\/\/www.facebook.com\/ectherm\/","article_modified_time":"2023-05-22T14:06:20+00:00","og_image":[{"width":850,"height":850,"url":"https:\/\/www.ectherm.com\/wp-content\/uploads\/2020\/02\/ECPin-Single-Pack-no-30day-return.jpg","type":"image\/jpeg"}],"twitter_card":"summary_large_image","schema":{"@context":"https:\/\/schema.org","@graph":[{"@type":["WebPage","ItemPage"],"@id":"https:\/\/www.ectherm.com\/fr\/produit\/ecpin-single\/","url":"https:\/\/www.ectherm.com\/fr\/produit\/ecpin-single\/","name":"ECPIN (Paquet unique) | ECTherm","isPartOf":{"@id":"https:\/\/www.ectherm.com\/fr\/#website"},"primaryImageOfPage":{"@id":"https:\/\/www.ectherm.com\/fr\/produit\/ecpin-single\/#primaryimage"},"image":{"@id":"https:\/\/www.ectherm.com\/fr\/produit\/ecpin-single\/#primaryimage"},"thumbnailUrl":"https:\/\/www.ectherm.com\/wp-content\/uploads\/2020\/02\/ECPin-Single-Pack-no-30day-return.jpg","datePublished":"2020-02-26T15:04:12+00:00","dateModified":"2023-05-22T14:06:20+00:00","description":"caract\u00e9ristiques du produit: 100% Sans fil Aucun appairage n\u00e9cessaire Charge instantan\u00e9e - Charge compl\u00e8te en moins de 2 minutes pour 4 heures d'utilisation. Aliment\u00e9 par supercondensateur - 1000 fois plus durable que la sonde aliment\u00e9e au lithium. Surveillance en temps r\u00e9el et alertes de la temp\u00e9rature de cuisson. App iOS et Android pris en charge Prend en charge jusqu'\u00e0 8 ECPin simultan\u00e9ment Le forfait comprend: ECPIN x 1 Chargeur ECPIN x 1 Guide de d\u00e9marrage rapide x 1 C\u00e2ble de charge micro USB x 1","breadcrumb":{"@id":"https:\/\/www.ectherm.com\/fr\/produit\/ecpin-single\/#breadcrumb"},"inLanguage":"fr-FR","potentialAction":[{"@type":"ReadAction","target":["https:\/\/www.ectherm.com\/fr\/produit\/ecpin-single\/"]}]},{"@type":"ImageObject","inLanguage":"fr-FR","@id":"https:\/\/www.ectherm.com\/fr\/produit\/ecpin-single\/#primaryimage","url":"https:\/\/www.ectherm.com\/wp-content\/uploads\/2020\/02\/ECPin-Single-Pack-no-30day-return.jpg","contentUrl":"https:\/\/www.ectherm.com\/wp-content\/uploads\/2020\/02\/ECPin-Single-Pack-no-30day-return.jpg","width":850,"height":850,"caption":"Wireless meat thermometer"},{"@type":"BreadcrumbList","@id":"https:\/\/www.ectherm.com\/fr\/produit\/ecpin-single\/#breadcrumb","itemListElement":[{"@type":"ListItem","position":1,"name":"Home","item":"https:\/\/www.ectherm.com\/fr\/page-daccueil\/"},{"@type":"ListItem","position":2,"name":"Boutique","item":"https:\/\/www.ectherm.com\/fr\/shop\/"},{"@type":"ListItem","position":3,"name":"ECPIN (Paquet unique)"}]},{"@type":"WebSite","@id":"https:\/\/www.ectherm.com\/fr\/#website","url":"https:\/\/www.ectherm.com\/fr\/","name":"ECTherm | Intelligent Wireless Meat Thermometer","description":"True Wireless Meat Thermometer","publisher":{"@id":"https:\/\/www.ectherm.com\/fr\/#organization"},"potentialAction":[{"@type":"SearchAction","target":{"@type":"EntryPoint","urlTemplate":"https:\/\/www.ectherm.com\/fr\/?s={search_term_string}"},"query-input":{"@type":"PropertyValueSpecification","valueRequired":true,"valueName":"search_term_string"}}],"inLanguage":"fr-FR"},{"@type":"Organization","@id":"https:\/\/www.ectherm.com\/fr\/#organization","name":"ECTherm","url":"https:\/\/www.ectherm.com\/fr\/","logo":{"@type":"ImageObject","inLanguage":"fr-FR","@id":"https:\/\/www.ectherm.com\/fr\/#\/schema\/logo\/image\/","url":"https:\/\/www.ectherm.com\/wp-content\/uploads\/2019\/12\/ECPin-by-ECTherm-scaled.png","contentUrl":"https:\/\/www.ectherm.com\/wp-content\/uploads\/2019\/12\/ECPin-by-ECTherm-scaled.png","width":2560,"height":2461,"caption":"ECTherm"},"image":{"@id":"https:\/\/www.ectherm.com\/fr\/#\/schema\/logo\/image\/"},"sameAs":["https:\/\/www.facebook.com\/ectherm\/","https:\/\/www.youtube.com\/channel\/UCH7BofpmPBuKf6yI0BGm3xw"]}]}},"post_mailing_queue_ids":[],"_links":{"self":[{"href":"https:\/\/www.ectherm.com\/fr\/wp-json\/wp\/v2\/product\/4293"}],"collection":[{"href":"https:\/\/www.ectherm.com\/fr\/wp-json\/wp\/v2\/product"}],"about":[{"href":"https:\/\/www.ectherm.com\/fr\/wp-json\/wp\/v2\/types\/product"}],"version-history":[{"count":1,"href":"https:\/\/www.ectherm.com\/fr\/wp-json\/wp\/v2\/product\/4293\/revisions"}],"predecessor-version":[{"id":5572,"href":"https:\/\/www.ectherm.com\/fr\/wp-json\/wp\/v2\/product\/4293\/revisions\/5572"}],"wp:featuredmedia":[{"embeddable":true,"href":"https:\/\/www.ectherm.com\/fr\/wp-json\/wp\/v2\/media\/4294"}],"wp:attachment":[{"href":"https:\/\/www.ectherm.com\/fr\/wp-json\/wp\/v2\/media?parent=4293"}],"wp:term":[{"taxonomy":"product_cat","embeddable":true,"href":"https:\/\/www.ectherm.com\/fr\/wp-json\/wp\/v2\/product_cat?post=4293"},{"taxonomy":"product_tag","embeddable":true,"href":"https:\/\/www.ectherm.com\/fr\/wp-json\/wp\/v2\/product_tag?post=4293"}],"curies":[{"name":"wp","href":"https:\/\/api.w.org\/{rel}","templated":true}]}}