{"id":9083,"date":"2023-08-28T15:02:32","date_gmt":"2023-08-28T07:02:32","guid":{"rendered":"https:\/\/www.ectherm.com\/termes-et-conditions-2\/"},"modified":"2023-08-28T17:31:19","modified_gmt":"2023-08-28T09:31:19","slug":"termes-et-conditions-2","status":"publish","type":"page","link":"https:\/\/www.ectherm.com\/fr\/termes-et-conditions-2\/","title":{"rendered":"Termes et Conditions"},"content":{"rendered":"\t\t<div data-elementor-type=\"wp-page\" data-elementor-id=\"9083\" class=\"elementor elementor-9083 elementor-9069\">\n\t\t\t\t\t\t<section class=\"elementor-section elementor-top-section elementor-element elementor-element-6d0b7d3b elementor-section-boxed elementor-section-height-default elementor-section-height-default\" data-id=\"6d0b7d3b\" data-element_type=\"section\">\n\t\t\t\t\t\t<div class=\"elementor-container elementor-column-gap-default\">\n\t\t\t\t\t<div class=\"elementor-column elementor-col-100 elementor-top-column elementor-element elementor-element-471e4026\" data-id=\"471e4026\" data-element_type=\"column\">\n\t\t\t<div class=\"elementor-widget-wrap elementor-element-populated\">\n\t\t\t\t\t\t<div class=\"elementor-element elementor-element-66b4097b elementor-widget elementor-widget-heading\" data-id=\"66b4097b\" data-element_type=\"widget\" data-widget_type=\"heading.default\">\n\t\t\t\t<div class=\"elementor-widget-container\">\n\t\t\t<h1 class=\"elementor-heading-title elementor-size-default\">Termes et Conditions<\/h1>\t\t<\/div>\n\t\t\t\t<\/div>\n\t\t\t\t<div class=\"elementor-element elementor-element-3fe8974a elementor-widget elementor-widget-text-editor\" data-id=\"3fe8974a\" data-element_type=\"widget\" data-widget_type=\"text-editor.default\">\n\t\t\t\t<div class=\"elementor-widget-container\">\n\t\t\t\t\t\t\t<p class=\"p1\">Ce site web (\u00ab\u00a0Site Web\u00a0\u00bb) vous est propos\u00e9 par Manford Development Limited, Unit\u00e9 A, 8\/F, Mai On Industrial Building, 17-21 Kung Yip Street, Kwai Chung, NT, Hong Kong (\u00ab\u00a0ECTherm\u00a0\u00bb).<\/p>\n<p class=\"p1\">Les Termes et Conditions suivantes r\u00e9gissent votre acc\u00e8s et utilisation de ce Site Web. De plus, des termes et conditions sp\u00e9cifiques peuvent s&rsquo;appliquer \u00e0 un contenu sp\u00e9cifique, des donn\u00e9es, des mat\u00e9riaux ou des informations contenus sur ou disponibles \u00e0 travers ce Site Web (le \u00ab\u00a0Contenu\u00a0\u00bb) et \u00e0 un contenu sp\u00e9cifique, des donn\u00e9es, des mat\u00e9riaux ou des informations que vous pouvez t\u00e9l\u00e9charger, soumettre et\/ou publier sur le Site Web (\u201cContenu Utilisateur\u201d).<\/p>\n\t\t\t\t\t\t<\/div>\n\t\t\t\t<\/div>\n\t\t\t\t<div class=\"elementor-element elementor-element-54e568a4 elementor-widget elementor-widget-heading\" data-id=\"54e568a4\" data-element_type=\"widget\" data-widget_type=\"heading.default\">\n\t\t\t\t<div class=\"elementor-widget-container\">\n\t\t\t<h3 class=\"elementor-heading-title elementor-size-default\">1. Acceptation des Termes et Conditions<\/h3>\t\t<\/div>\n\t\t\t\t<\/div>\n\t\t\t\t<div class=\"elementor-element elementor-element-6585e37 elementor-widget elementor-widget-text-editor\" data-id=\"6585e37\" data-element_type=\"widget\" data-widget_type=\"text-editor.default\">\n\t\t\t\t<div class=\"elementor-widget-container\">\n\t\t\t\t\t\t\t<p class=\"p1\">En acc\u00e9dant ou en utilisant ce Site Web, vous acceptez d&rsquo;\u00eatre l\u00e9galement li\u00e9 par les Termes et Conditions et tous les termes et conditions contenus ou r\u00e9f\u00e9renc\u00e9s ici ou tous les termes et conditions suppl\u00e9mentaires \u00e9nonc\u00e9s sur ce Site Web. Si vous n&rsquo;acceptez pas tous ces termes, vous ne devriez PAS acc\u00e9der ou utiliser ce Site Web.<\/p>\n\t\t\t\t\t\t<\/div>\n\t\t\t\t<\/div>\n\t\t\t\t<div class=\"elementor-element elementor-element-2da4d4d4 elementor-widget elementor-widget-heading\" data-id=\"2da4d4d4\" data-element_type=\"widget\" data-widget_type=\"heading.default\">\n\t\t\t\t<div class=\"elementor-widget-container\">\n\t\t\t<h3 class=\"elementor-heading-title elementor-size-default\">2. Modification des Termes<\/h3>\t\t<\/div>\n\t\t\t\t<\/div>\n\t\t\t\t<div class=\"elementor-element elementor-element-611e4743 elementor-widget elementor-widget-text-editor\" data-id=\"611e4743\" data-element_type=\"widget\" data-widget_type=\"text-editor.default\">\n\t\t\t\t<div class=\"elementor-widget-container\">\n\t\t\t\t\t\t\t<p class=\"p1\">Ces Termes et Conditions peuvent \u00eatre modifi\u00e9s par ECTherm \u00e0 tout moment. Ces Termes et Conditions modifi\u00e9s seront effectifs d\u00e8s leur publication. En continuant \u00e0 acc\u00e9der ou \u00e0 utiliser le Site Web apr\u00e8s une telle publication, vous serez r\u00e9put\u00e9 avoir accept\u00e9 de telles modifications. ECTherm se r\u00e9serve le droit de discontinuer ou de faire des changements ou des mises \u00e0 jour en ce qui concerne le Site Web ou le Contenu du Site Web \u00e0 tout moment sans pr\u00e9avis.<\/p>\n\t\t\t\t\t\t<\/div>\n\t\t\t\t<\/div>\n\t\t\t\t<div class=\"elementor-element elementor-element-1a50377d elementor-widget elementor-widget-heading\" data-id=\"1a50377d\" data-element_type=\"widget\" data-widget_type=\"heading.default\">\n\t\t\t\t<div class=\"elementor-widget-container\">\n\t\t\t<h3 class=\"elementor-heading-title elementor-size-default\">3. Politique de Confidentialit\u00e9<\/h3>\t\t<\/div>\n\t\t\t\t<\/div>\n\t\t\t\t<div class=\"elementor-element elementor-element-467ad1e5 elementor-widget elementor-widget-text-editor\" data-id=\"467ad1e5\" data-element_type=\"widget\" data-widget_type=\"text-editor.default\">\n\t\t\t\t<div class=\"elementor-widget-container\">\n\t\t\t\t\t\t\t<p class=\"p1\">Les contenus utilisateurs en relation avec ce Site Web ne doivent \u00eatre utilis\u00e9s qu&rsquo;en conformit\u00e9 avec la Politique de Confidentialit\u00e9 d&rsquo;ECTherm et cette politique de confidentialit\u00e9 est affich\u00e9e sur ce Site Web.<\/p>\n\t\t\t\t\t\t<\/div>\n\t\t\t\t<\/div>\n\t\t\t\t<div class=\"elementor-element elementor-element-3aa3f31a elementor-widget elementor-widget-heading\" data-id=\"3aa3f31a\" data-element_type=\"widget\" data-widget_type=\"heading.default\">\n\t\t\t\t<div class=\"elementor-widget-container\">\n\t\t\t<h3 class=\"elementor-heading-title elementor-size-default\">4. D\u00e9clarations de Non-Responsabilit\u00e9<\/h3>\t\t<\/div>\n\t\t\t\t<\/div>\n\t\t\t\t<div class=\"elementor-element elementor-element-4d54104d elementor-widget elementor-widget-text-editor\" data-id=\"4d54104d\" data-element_type=\"widget\" data-widget_type=\"text-editor.default\">\n\t\t\t\t<div class=\"elementor-widget-container\">\n\t\t\t\t\t\t\t<p class=\"p1\">TOUTES LES INFORMATIONS (Y COMPRIS, SANS LIMITATION, LE TEXTE, LES IMAGES, LES GRAPHIQUES, LES VID\u00c9OS, LES LIENS, ET AUTRES MAT\u00c9RIAUX) SUR LE SITE WEB SONT FOURNIS \u00ab\u00a0EN L&rsquo;\u00c9TAT\u00a0\u00bb ET \u00ab\u00a0TEL QUE DISPONIBLE\u00a0\u00bb. ECTHERM RENONCE PAR LA PR\u00c9SENTE DANS LA MESURE PERMISE PAR LA LOI \u00c0 TOUTES REPR\u00c9SENTATIONS OU GARANTIES DE QUELQUE NATURE QUE CE SOIT, EXPRESSES OU IMPLICITES, Y COMPRIS LES GARANTIES DE QUALIT\u00c9 MARCHANDE, D&rsquo;AD\u00c9QUATION \u00c0 UN USAGE PARTICULIER, DE NON-CONTREFA\u00c7ON, OU RELATIVES AU FONCTIONNEMENT DE CE SITE WEB, AU CONTENU OU AU CONTENU UTILISATEUR.<\/p>\n<p class=\"p1\">Ce Site Web est public par nature et toute information soumise sur celui-ci sera consid\u00e9r\u00e9e comme non-confidentielle. Vous ne devez avoir aucune attente de confidentialit\u00e9 en ce qui concerne tout Contenu Utilisateur que vous pouvez soumettre sur ce Site Web. Vous reconnaissez que toute soumission de toute invention incorpor\u00e9e dans tout Contenu Utilisateur fourni par vous constituera une \u00ab\u00a0publication\u00a0\u00bb de cette invention.<\/p>\n<p class=\"p1\">Tout mat\u00e9riel t\u00e9l\u00e9charg\u00e9 ou obtenu par l&rsquo;utilisation de ce Site Web se fait \u00e0 votre propre discr\u00e9tion. Vous serez seul responsable de tout dommage ou perte qui r\u00e9sulte du t\u00e9l\u00e9chargement de tout tel mat\u00e9riel.<\/p>\n\t\t\t\t\t\t<\/div>\n\t\t\t\t<\/div>\n\t\t\t\t<div class=\"elementor-element elementor-element-1e12c56e elementor-widget elementor-widget-heading\" data-id=\"1e12c56e\" data-element_type=\"widget\" data-widget_type=\"heading.default\">\n\t\t\t\t<div class=\"elementor-widget-container\">\n\t\t\t<h3 class=\"elementor-heading-title elementor-size-default\">5. Contenu\/Logiciel de Tiers<\/h3>\t\t<\/div>\n\t\t\t\t<\/div>\n\t\t\t\t<div class=\"elementor-element elementor-element-2e665366 elementor-widget elementor-widget-text-editor\" data-id=\"2e665366\" data-element_type=\"widget\" data-widget_type=\"text-editor.default\">\n\t\t\t\t<div class=\"elementor-widget-container\">\n\t\t\t\t\t\t\t<p class=\"p1\">ECTherm n&rsquo;est pas responsable du contenu de tout site appartenant \u00e0 un tiers qui peut \u00eatre li\u00e9 au Site Web par un hyperlien, que cet hyperlien soit fourni par le Site Web ou par un tiers conform\u00e9ment aux Termes et Conditions.<\/p>\n\t\t\t\t\t\t<\/div>\n\t\t\t\t<\/div>\n\t\t\t\t<div class=\"elementor-element elementor-element-2931bd34 elementor-widget elementor-widget-heading\" data-id=\"2931bd34\" data-element_type=\"widget\" data-widget_type=\"heading.default\">\n\t\t\t\t<div class=\"elementor-widget-container\">\n\t\t\t<h3 class=\"elementor-heading-title elementor-size-default\">6. Droits d'Auteur et Marques de Commerce<\/h3>\t\t<\/div>\n\t\t\t\t<\/div>\n\t\t\t\t<div class=\"elementor-element elementor-element-58e3bb36 elementor-widget elementor-widget-text-editor\" data-id=\"58e3bb36\" data-element_type=\"widget\" data-widget_type=\"text-editor.default\">\n\t\t\t\t<div class=\"elementor-widget-container\">\n\t\t\t\t\t\t\t<p class=\"p1\">Les droits d&rsquo;auteur et tous les autres droits de propri\u00e9t\u00e9 dans le Contenu fourni par ECTherm, le logiciel pour exploiter et publier le Site Web, la compilation de donn\u00e9es sur le Site Web, et l&rsquo;ordre, la s\u00e9quence et l&rsquo;arrangement de ce Site Web, appartiennent tous \u00e0 ECTherm.<\/p>\n\t\t\t\t\t\t<\/div>\n\t\t\t\t<\/div>\n\t\t\t\t<div class=\"elementor-element elementor-element-4d1dfedc elementor-widget elementor-widget-heading\" data-id=\"4d1dfedc\" data-element_type=\"widget\" data-widget_type=\"heading.default\">\n\t\t\t\t<div class=\"elementor-widget-container\">\n\t\t\t<h3 class=\"elementor-heading-title elementor-size-default\">7. R\u00e9solution de Conflits<\/h3>\t\t<\/div>\n\t\t\t\t<\/div>\n\t\t\t\t<div class=\"elementor-element elementor-element-2c07f7a1 elementor-widget elementor-widget-text-editor\" data-id=\"2c07f7a1\" data-element_type=\"widget\" data-widget_type=\"text-editor.default\">\n\t\t\t\t<div class=\"elementor-widget-container\">\n\t\t\t\t\t\t\t<p class=\"p1\">Ces Termes et Conditions seront r\u00e9gis par et interpr\u00e9t\u00e9s conform\u00e9ment aux lois de la RAS de Hong Kong. Vous acceptez la juridiction non exclusive des tribunaux de Hong Kong pour tout litige, r\u00e9clamation ou cause d&rsquo;action d\u00e9coulant de, ou li\u00e9e \u00e0 ou en connexion avec cesTermes et Conditions ou votre utilisation de ce Site Web.<\/p>\n\t\t\t\t\t\t<\/div>\n\t\t\t\t<\/div>\n\t\t\t\t<div class=\"elementor-element elementor-element-23c23c45 elementor-widget elementor-widget-heading\" data-id=\"23c23c45\" data-element_type=\"widget\" data-widget_type=\"heading.default\">\n\t\t\t\t<div class=\"elementor-widget-container\">\n\t\t\t<h3 class=\"elementor-heading-title elementor-size-default\">8. POLITIQUE DE RETOUR<\/h3>\t\t<\/div>\n\t\t\t\t<\/div>\n\t\t\t\t<div class=\"elementor-element elementor-element-691ef817 elementor-widget elementor-widget-text-editor\" data-id=\"691ef817\" data-element_type=\"widget\" data-widget_type=\"text-editor.default\">\n\t\t\t\t<div class=\"elementor-widget-container\">\n\t\t\t\t\t\t\t<p class=\"p1\">Si, pour une raison quelconque, vous n&rsquo;\u00eates pas enti\u00e8rement satisfait de notre(s) produit(s), vous pouvez retourner le(s) produit(s) dans les 30 jours pour un remboursement du prix d&rsquo;achat. Pour que le(s) produit(s) soit \u00e9ligible pour un retour, assurez-vous que :<\/p>\n<ul>\n<li class=\"p1\">Le(s) produit(s) a \u00e9t\u00e9 achet\u00e9 dans les 30 derniers jours<\/li>\n<li class=\"p1\">Le(s) produit(s) et l&#8217;emballage doivent \u00eatre retourn\u00e9s en nouvel \u00e9tat, et non endommag\u00e9s<\/li>\n<\/ul>\n<p class=\"p1\">Les retours pour remboursement seront soumis \u00e0 des frais de restockage de 18%. L&rsquo;utilisateur doit \u00eatre responsable des frais de livraison pour le(s) produit(s) retourn\u00e9(s) \u00e0 ECTherm. Apr\u00e8s que le(s) produit(s) a \u00e9t\u00e9 re\u00e7u et inspect\u00e9, ECTherm \u00e9mettra le remboursement (moins les frais de restockage) en utilisant le mode de paiement original. Nous ne pouvons \u00e9mettre des remboursements ou accepter des retours pour le(s) produit(s) achet\u00e9(s) chez un d\u00e9taillant tiers\/en ligne. Cette offre s&rsquo;applique uniquement pour les achats effectu\u00e9s sur www.ectherm.com.<\/p>\n<p class=\"p1\">Si vous avez des questions sur notre Politique de Retours et Remboursements, veuillez nous contacter :<\/p>\n<p class=\"p1\">Par courriel: enquiry@ectherm.com<\/p>\n\t\t\t\t\t\t<\/div>\n\t\t\t\t<\/div>\n\t\t\t\t\t<\/div>\n\t\t<\/div>\n\t\t\t\t\t<\/div>\n\t\t<\/section>\n\t\t\t\t<\/div>\n\t\t","protected":false},"excerpt":{"rendered":"<p>Termes et Conditions Ce site web (\u00ab\u00a0Site Web\u00a0\u00bb) vous est propos\u00e9 par Manford Development Limited, Unit\u00e9 A, 8\/F, Mai On Industrial Building, 17-21 Kung Yip Street, Kwai Chung, NT, Hong Kong (\u00ab\u00a0ECTherm\u00a0\u00bb). Les Termes et Conditions suivantes r\u00e9gissent votre acc\u00e8s et utilisation de ce Site Web. De plus, des termes et conditions sp\u00e9cifiques peuvent s&rsquo;appliquer<\/p>\n","protected":false},"author":2,"featured_media":0,"parent":0,"menu_order":0,"comment_status":"closed","ping_status":"closed","template":"","meta":{"footnotes":""},"class_list":["post-9083","page","type-page","status-publish","hentry","prodpage-classic"],"yoast_head":"<!-- This site is optimized with the Yoast SEO plugin v23.4 - https:\/\/yoast.com\/wordpress\/plugins\/seo\/ -->\n<title>Termes et Conditions | ECTherm<\/title>\n<meta name=\"description\" content=\"Termes et Conditions Ce site web (&quot;Site Web&quot;) vous est propos\u00e9 par Manford Development Limited, Unit\u00e9 A, 8\/F, Mai On Industrial Building, 17-21 Kung Yip\" \/>\n<meta name=\"robots\" content=\"index, follow, max-snippet:-1, max-image-preview:large, max-video-preview:-1\" \/>\n<link rel=\"canonical\" href=\"https:\/\/www.ectherm.com\/fr\/termes-et-conditions-2\/\" \/>\n<meta property=\"og:locale\" content=\"fr_FR\" \/>\n<meta property=\"og:type\" content=\"article\" \/>\n<meta property=\"og:title\" content=\"Termes et Conditions | ECTherm\" \/>\n<meta property=\"og:description\" content=\"Termes et Conditions Ce site web (&quot;Site Web&quot;) vous est propos\u00e9 par Manford Development Limited, Unit\u00e9 A, 8\/F, Mai On Industrial Building, 17-21 Kung Yip\" \/>\n<meta property=\"og:url\" content=\"https:\/\/www.ectherm.com\/fr\/termes-et-conditions-2\/\" \/>\n<meta property=\"og:site_name\" content=\"ECTherm\" \/>\n<meta property=\"article:publisher\" content=\"https:\/\/www.facebook.com\/ectherm\/\" \/>\n<meta property=\"article:modified_time\" content=\"2023-08-28T09:31:19+00:00\" \/>\n<meta property=\"og:image\" content=\"https:\/\/www.ectherm.com\/wp-content\/uploads\/2019\/11\/logo.png\" \/>\n\t<meta property=\"og:image:width\" content=\"1680\" \/>\n\t<meta property=\"og:image:height\" content=\"945\" \/>\n\t<meta property=\"og:image:type\" content=\"image\/png\" \/>\n<meta name=\"twitter:card\" content=\"summary_large_image\" \/>\n<meta name=\"twitter:label1\" content=\"Dur\u00e9e de lecture estim\u00e9e\" \/>\n\t<meta name=\"twitter:data1\" content=\"4 minutes\" \/>\n<script type=\"application\/ld+json\" class=\"yoast-schema-graph\">{\"@context\":\"https:\/\/schema.org\",\"@graph\":[{\"@type\":\"WebPage\",\"@id\":\"https:\/\/www.ectherm.com\/fr\/termes-et-conditions-2\/\",\"url\":\"https:\/\/www.ectherm.com\/fr\/termes-et-conditions-2\/\",\"name\":\"Termes et Conditions | ECTherm\",\"isPartOf\":{\"@id\":\"https:\/\/www.ectherm.com\/fr\/#website\"},\"datePublished\":\"2023-08-28T07:02:32+00:00\",\"dateModified\":\"2023-08-28T09:31:19+00:00\",\"description\":\"Termes et Conditions Ce site web (\\\"Site Web\\\") vous est propos\u00e9 par Manford Development Limited, Unit\u00e9 A, 8\/F, Mai On Industrial Building, 17-21 Kung Yip\",\"breadcrumb\":{\"@id\":\"https:\/\/www.ectherm.com\/fr\/termes-et-conditions-2\/#breadcrumb\"},\"inLanguage\":\"fr-FR\",\"potentialAction\":[{\"@type\":\"ReadAction\",\"target\":[\"https:\/\/www.ectherm.com\/fr\/termes-et-conditions-2\/\"]}]},{\"@type\":\"BreadcrumbList\",\"@id\":\"https:\/\/www.ectherm.com\/fr\/termes-et-conditions-2\/#breadcrumb\",\"itemListElement\":[{\"@type\":\"ListItem\",\"position\":1,\"name\":\"Home\",\"item\":\"https:\/\/www.ectherm.com\/fr\/page-daccueil\/\"},{\"@type\":\"ListItem\",\"position\":2,\"name\":\"Termes et Conditions\"}]},{\"@type\":\"WebSite\",\"@id\":\"https:\/\/www.ectherm.com\/fr\/#website\",\"url\":\"https:\/\/www.ectherm.com\/fr\/\",\"name\":\"ECTherm | Intelligent Wireless Meat Thermometer\",\"description\":\"True Wireless Meat Thermometer\",\"publisher\":{\"@id\":\"https:\/\/www.ectherm.com\/fr\/#organization\"},\"potentialAction\":[{\"@type\":\"SearchAction\",\"target\":{\"@type\":\"EntryPoint\",\"urlTemplate\":\"https:\/\/www.ectherm.com\/fr\/?s={search_term_string}\"},\"query-input\":{\"@type\":\"PropertyValueSpecification\",\"valueRequired\":true,\"valueName\":\"search_term_string\"}}],\"inLanguage\":\"fr-FR\"},{\"@type\":\"Organization\",\"@id\":\"https:\/\/www.ectherm.com\/fr\/#organization\",\"name\":\"ECTherm\",\"url\":\"https:\/\/www.ectherm.com\/fr\/\",\"logo\":{\"@type\":\"ImageObject\",\"inLanguage\":\"fr-FR\",\"@id\":\"https:\/\/www.ectherm.com\/fr\/#\/schema\/logo\/image\/\",\"url\":\"https:\/\/www.ectherm.com\/wp-content\/uploads\/2019\/12\/ECPin-by-ECTherm-scaled.png\",\"contentUrl\":\"https:\/\/www.ectherm.com\/wp-content\/uploads\/2019\/12\/ECPin-by-ECTherm-scaled.png\",\"width\":2560,\"height\":2461,\"caption\":\"ECTherm\"},\"image\":{\"@id\":\"https:\/\/www.ectherm.com\/fr\/#\/schema\/logo\/image\/\"},\"sameAs\":[\"https:\/\/www.facebook.com\/ectherm\/\",\"https:\/\/www.youtube.com\/channel\/UCH7BofpmPBuKf6yI0BGm3xw\"]}]}<\/script>\n<!-- \/ Yoast SEO plugin. -->","yoast_head_json":{"title":"Termes et Conditions | ECTherm","description":"Termes et Conditions Ce site web (\"Site Web\") vous est propos\u00e9 par Manford Development Limited, Unit\u00e9 A, 8\/F, Mai On Industrial Building, 17-21 Kung Yip","robots":{"index":"index","follow":"follow","max-snippet":"max-snippet:-1","max-image-preview":"max-image-preview:large","max-video-preview":"max-video-preview:-1"},"canonical":"https:\/\/www.ectherm.com\/fr\/termes-et-conditions-2\/","og_locale":"fr_FR","og_type":"article","og_title":"Termes et Conditions | ECTherm","og_description":"Termes et Conditions Ce site web (\"Site Web\") vous est propos\u00e9 par Manford Development Limited, Unit\u00e9 A, 8\/F, Mai On Industrial Building, 17-21 Kung Yip","og_url":"https:\/\/www.ectherm.com\/fr\/termes-et-conditions-2\/","og_site_name":"ECTherm","article_publisher":"https:\/\/www.facebook.com\/ectherm\/","article_modified_time":"2023-08-28T09:31:19+00:00","og_image":[{"width":1680,"height":945,"url":"https:\/\/www.ectherm.com\/wp-content\/uploads\/2019\/11\/logo.png","type":"image\/png"}],"twitter_card":"summary_large_image","twitter_misc":{"Dur\u00e9e de lecture estim\u00e9e":"4 minutes"},"schema":{"@context":"https:\/\/schema.org","@graph":[{"@type":"WebPage","@id":"https:\/\/www.ectherm.com\/fr\/termes-et-conditions-2\/","url":"https:\/\/www.ectherm.com\/fr\/termes-et-conditions-2\/","name":"Termes et Conditions | ECTherm","isPartOf":{"@id":"https:\/\/www.ectherm.com\/fr\/#website"},"datePublished":"2023-08-28T07:02:32+00:00","dateModified":"2023-08-28T09:31:19+00:00","description":"Termes et Conditions Ce site web (\"Site Web\") vous est propos\u00e9 par Manford Development Limited, Unit\u00e9 A, 8\/F, Mai On Industrial Building, 17-21 Kung Yip","breadcrumb":{"@id":"https:\/\/www.ectherm.com\/fr\/termes-et-conditions-2\/#breadcrumb"},"inLanguage":"fr-FR","potentialAction":[{"@type":"ReadAction","target":["https:\/\/www.ectherm.com\/fr\/termes-et-conditions-2\/"]}]},{"@type":"BreadcrumbList","@id":"https:\/\/www.ectherm.com\/fr\/termes-et-conditions-2\/#breadcrumb","itemListElement":[{"@type":"ListItem","position":1,"name":"Home","item":"https:\/\/www.ectherm.com\/fr\/page-daccueil\/"},{"@type":"ListItem","position":2,"name":"Termes et Conditions"}]},{"@type":"WebSite","@id":"https:\/\/www.ectherm.com\/fr\/#website","url":"https:\/\/www.ectherm.com\/fr\/","name":"ECTherm | Intelligent Wireless Meat Thermometer","description":"True Wireless Meat Thermometer","publisher":{"@id":"https:\/\/www.ectherm.com\/fr\/#organization"},"potentialAction":[{"@type":"SearchAction","target":{"@type":"EntryPoint","urlTemplate":"https:\/\/www.ectherm.com\/fr\/?s={search_term_string}"},"query-input":{"@type":"PropertyValueSpecification","valueRequired":true,"valueName":"search_term_string"}}],"inLanguage":"fr-FR"},{"@type":"Organization","@id":"https:\/\/www.ectherm.com\/fr\/#organization","name":"ECTherm","url":"https:\/\/www.ectherm.com\/fr\/","logo":{"@type":"ImageObject","inLanguage":"fr-FR","@id":"https:\/\/www.ectherm.com\/fr\/#\/schema\/logo\/image\/","url":"https:\/\/www.ectherm.com\/wp-content\/uploads\/2019\/12\/ECPin-by-ECTherm-scaled.png","contentUrl":"https:\/\/www.ectherm.com\/wp-content\/uploads\/2019\/12\/ECPin-by-ECTherm-scaled.png","width":2560,"height":2461,"caption":"ECTherm"},"image":{"@id":"https:\/\/www.ectherm.com\/fr\/#\/schema\/logo\/image\/"},"sameAs":["https:\/\/www.facebook.com\/ectherm\/","https:\/\/www.youtube.com\/channel\/UCH7BofpmPBuKf6yI0BGm3xw"]}]}},"post_mailing_queue_ids":[],"_links":{"self":[{"href":"https:\/\/www.ectherm.com\/fr\/wp-json\/wp\/v2\/pages\/9083"}],"collection":[{"href":"https:\/\/www.ectherm.com\/fr\/wp-json\/wp\/v2\/pages"}],"about":[{"href":"https:\/\/www.ectherm.com\/fr\/wp-json\/wp\/v2\/types\/page"}],"author":[{"embeddable":true,"href":"https:\/\/www.ectherm.com\/fr\/wp-json\/wp\/v2\/users\/2"}],"replies":[{"embeddable":true,"href":"https:\/\/www.ectherm.com\/fr\/wp-json\/wp\/v2\/comments?post=9083"}],"version-history":[{"count":2,"href":"https:\/\/www.ectherm.com\/fr\/wp-json\/wp\/v2\/pages\/9083\/revisions"}],"predecessor-version":[{"id":9308,"href":"https:\/\/www.ectherm.com\/fr\/wp-json\/wp\/v2\/pages\/9083\/revisions\/9308"}],"wp:attachment":[{"href":"https:\/\/www.ectherm.com\/fr\/wp-json\/wp\/v2\/media?parent=9083"}],"curies":[{"name":"wp","href":"https:\/\/api.w.org\/{rel}","templated":true}]}}